{"id":12040,"date":"2024-08-12T17:31:59","date_gmt":"2024-08-12T20:31:59","guid":{"rendered":"https:\/\/logimet.com.ar\/nueva\/?page_id=12040"},"modified":"2024-09-25T17:47:21","modified_gmt":"2024-09-25T20:47:21","slug":"etiquetas-impresas","status":"publish","type":"page","link":"https:\/\/logimet.com.ar\/nueva\/etiquetas-impresas\/","title":{"rendered":"Etiquetas Impresas"},"content":{"rendered":"\t\t<div data-elementor-type=\"wp-page\" data-elementor-id=\"12040\" class=\"elementor elementor-12040\">\n\t\t\t\t\t\t<section class=\" elementor-section elementor-top-section elementor-element elementor-element-7cee8b1 elementor-section-content-middle elementor-reverse-mobile elementor-section-boxed elementor-section-height-default elementor-section-height-default elementor-invisible\" data-id=\"7cee8b1\" data-element_type=\"section\" data-e-type=\"section\" data-settings=\"{&quot;animation&quot;:&quot;fadeInLeft&quot;}\">\r\n\t\t\t\t\t\t\t\t<div class=\"elementor-container container-fluid elementor-column-gap-default\">\r\n\t\t\t\t\r\n\t\t\t\t\t\t\t\t<div class=\" elementor-column elementor-col-50 elementor-top-column elementor-element elementor-element-21a979e \" data-id=\"21a979e\" data-element_type=\"column\" data-e-type=\"column\" data-settings=\"{&quot;background_background&quot;:&quot;classic&quot;}\">\r\n\r\n\t\t\t\t\r\n\t\t\t\t<div class=\"elementor-widget-wrap elementor-element-populated\">\r\n\t\t\t\t\t\t\t\t\t\t\r\n\t\t\t\t\t\t<div class=\"elementor-element elementor-element-e472f5e elementor-widget elementor-widget-heading\" data-id=\"e472f5e\" data-element_type=\"widget\" data-e-type=\"widget\" data-widget_type=\"heading.default\">\n\t\t\t\t<div class=\"elementor-widget-container\">\n\t\t\t\t\t<h3 class=\"elementor-heading-title elementor-size-default\">Etiquetas impresas<\/h3>\t\t\t\t<\/div>\n\t\t\t\t<\/div>\n\t\t\t\t<div class=\"elementor-element elementor-element-d95a488 elementor-widget-divider--view-line elementor-widget elementor-widget-divider\" data-id=\"d95a488\" data-element_type=\"widget\" data-e-type=\"widget\" data-widget_type=\"divider.default\">\n\t\t\t\t<div class=\"elementor-widget-container\">\n\t\t\t\t\t\t\t<div class=\"elementor-divider\">\n\t\t\t<span class=\"elementor-divider-separator\">\n\t\t\t\t\t\t<\/span>\n\t\t<\/div>\n\t\t\t\t\t\t<\/div>\n\t\t\t\t<\/div>\n\t\t\t\t<div class=\"elementor-element elementor-element-14eb6b2 elementor-widget elementor-widget-text-editor\" data-id=\"14eb6b2\" data-element_type=\"widget\" data-e-type=\"widget\" data-widget_type=\"text-editor.default\">\n\t\t\t\t<div class=\"elementor-widget-container\">\n\t\t\t\t\t\t\t\t\t<p>Stock permanente de etiquetas en las medidas est\u00e1ndares del mercado. Provisi\u00f3n en diferentes materiales autoadhesivos (Papel Ilustraci\u00f3n, O.P.P. Blanco, Papel T\u00e9rmico, etc.) y sin adhesivo (ilustraci\u00f3n 85 grs, cartulinas, papel sint\u00e9tico, etc.)<\/p>\t\t\t\t\t\t\t\t<\/div>\n\t\t\t\t<\/div>\n\t\t\t\t<div class=\"elementor-element elementor-element-b7d8f1c elementor-align-center elementor-widget__width-inherit elementor-widget elementor-widget-button\" data-id=\"b7d8f1c\" data-element_type=\"widget\" data-e-type=\"widget\" data-widget_type=\"button.default\">\n\t\t\t\t<div class=\"elementor-widget-container\">\n\t\t\t\t\t\t\t\t\t<div class=\"elementor-button-wrapper\">\n\t\t\t\t\t<a class=\"elementor-button elementor-button-link elementor-size-sm\" href=\"https:\/\/logimet.com.ar\/nueva\/contacto\/\">\n\t\t\t\t\t\t<span class=\"elementor-button-content-wrapper\">\n\t\t\t\t\t\t\t\t\t<span class=\"elementor-button-text\">ASESORAMIENTO PERSONALIZADO<\/span>\n\t\t\t\t\t<\/span>\n\t\t\t\t\t<\/a>\n\t\t\t\t<\/div>\n\t\t\t\t\t\t\t\t<\/div>\n\t\t\t\t<\/div>\n\t\t\t\t\t\t<\/div>\r\n\t\t\t\t<\/div>\r\n\t\t\t\t\t\t\t\t\t<div class=\" elementor-column elementor-col-50 elementor-top-column elementor-element elementor-element-4901e86 \" data-id=\"4901e86\" data-element_type=\"column\" data-e-type=\"column\" data-settings=\"{&quot;background_background&quot;:&quot;classic&quot;}\">\r\n\r\n\t\t\t\t\r\n\t\t\t\t<div data-lazy=\"https:\/\/logimet.com.ar\/nueva\/wp-content\/uploads\/2024\/08\/prod-et-impresas-top.jpg\" class=\"elementor-widget-wrap\">\r\n\t\t\t\t\t\t\t\t\t\t\r\n\t\t\t\t\t\t\t\t<\/div>\r\n\t\t\t\t<\/div>\r\n\t\t\t\t\t\t\t\t<\/div>\r\n\t\t\t<\/section>\r\n\t\t\t\t\t<section class=\" elementor-section elementor-top-section elementor-element elementor-element-903d070 elementor-section-boxed elementor-section-height-default elementor-section-height-default elementor-invisible\" data-id=\"903d070\" data-element_type=\"section\" data-e-type=\"section\" data-settings=\"{&quot;animation&quot;:&quot;fadeInUp&quot;}\">\r\n\t\t\t\t\t\t\t\t<div class=\"elementor-container elementor-column-gap-default\">\r\n\t\t\t\t\r\n\t\t\t\t\t\t\t\t<div class=\" elementor-column elementor-col-100 elementor-top-column elementor-element elementor-element-aee1e97 \" data-id=\"aee1e97\" data-element_type=\"column\" data-e-type=\"column\">\r\n\r\n\t\t\t\t\r\n\t\t\t\t<div class=\"elementor-widget-wrap elementor-element-populated\">\r\n\t\t\t\t\t\t\t\t\t\t\r\n\t\t\t\t\t\t<div class=\"elementor-element elementor-element-0c10989 elementor-widget elementor-widget-udesign_widget_imagegallery\" data-id=\"0c10989\" data-element_type=\"widget\" data-e-type=\"widget\" data-widget_type=\"udesign_widget_imagegallery.default\">\n\t\t\t\t<div class=\"elementor-widget-container\">\n\t\t\t\t\t\r\n<ul class=\"image-gallery row cols-lg-1 cols-md-1 cols-sm-1 cols-1 cols-xl-1 slider-image-gallery  slider-wrapper\" data-slider-options=\"{&quot;spaceBetween&quot;:30,&quot;centeredSlides&quot;:true,&quot;loop&quot;:true,&quot;autoplay&quot;:{&quot;delay&quot;:5000,&quot;disableOnInteraction&quot;:false},&quot;navigation&quot;:true,&quot;arrowIconPrev&quot;:&quot;&lt;i aria-hidden=\\&quot;true\\&quot; class=\\&quot;u-icon-long-arrow-left\\&quot;&gt;&lt;\\\/i&gt;&quot;,&quot;arrowIconNext&quot;:&quot;&lt;i aria-hidden=\\&quot;true\\&quot; class=\\&quot;u-icon-long-arrow-right\\&quot;&gt;&lt;\\\/i&gt;&quot;,&quot;effect&quot;:&quot;slide&quot;,&quot;slidesPerView&quot;:1,&quot;breakpoints&quot;:{&quot;2401&quot;:{&quot;slidesPerView&quot;:1},&quot;1440&quot;:{&quot;slidesPerView&quot;:1,&quot;spaceBetween&quot;:30},&quot;1200&quot;:{&quot;slidesPerView&quot;:1},&quot;992&quot;:{&quot;slidesPerView&quot;:1},&quot;768&quot;:{&quot;slidesPerView&quot;:1},&quot;576&quot;:{&quot;slidesPerView&quot;:1},&quot;0&quot;:{&quot;slidesPerView&quot;:1}},&quot;statusClass&quot;:&quot;slider-nav-full slider-nav-fade slider-dots-default slider-shadow slider-overflow-hidden&quot;}\">\r\n\t<li class=\"\">\t\t<div class=\"image-gallery-item overlay-dark\">\r\n\t\t\t\t<figure class=\"image-wrap\">\r\n\t\t\t<img fetchpriority=\"high\" decoding=\"async\" width=\"1178\" height=\"840\" src=\"https:\/\/logimet.com.ar\/nueva\/wp-content\/uploads\/2024\/08\/1.jpg\" class=\"attachment-full size-full\" alt=\"Etiquetas Impresas\" srcset=\"https:\/\/logimet.com.ar\/nueva\/wp-content\/uploads\/2024\/08\/1.jpg 1178w, https:\/\/logimet.com.ar\/nueva\/wp-content\/uploads\/2024\/08\/1-1024x730.jpg 1024w, https:\/\/logimet.com.ar\/nueva\/wp-content\/uploads\/2024\/08\/1-768x548.jpg 768w\" sizes=\"(max-width: 1178px) 100vw, 1178px\" \/>\t\t<\/figure>\r\n\t\t<\/div>\r\n\t\t<\/li><li class=\"\">\t\t<div class=\"image-gallery-item overlay-dark\">\r\n\t\t\t\t<figure class=\"image-wrap\">\r\n\t\t\t<img decoding=\"async\" width=\"1178\" height=\"840\" src=\"https:\/\/logimet.com.ar\/nueva\/wp-content\/uploads\/2024\/08\/2.jpg\" class=\"attachment-full size-full\" alt=\"Etiquetas Impresas\" srcset=\"https:\/\/logimet.com.ar\/nueva\/wp-content\/uploads\/2024\/08\/2.jpg 1178w, https:\/\/logimet.com.ar\/nueva\/wp-content\/uploads\/2024\/08\/2-1024x730.jpg 1024w, https:\/\/logimet.com.ar\/nueva\/wp-content\/uploads\/2024\/08\/2-768x548.jpg 768w\" sizes=\"(max-width: 1178px) 100vw, 1178px\" \/>\t\t<\/figure>\r\n\t\t<\/div>\r\n\t\t<\/li><li class=\"\">\t\t<div class=\"image-gallery-item overlay-dark\">\r\n\t\t\t\t<figure class=\"image-wrap\">\r\n\t\t\t<img decoding=\"async\" width=\"1178\" height=\"840\" src=\"https:\/\/logimet.com.ar\/nueva\/wp-content\/uploads\/2024\/08\/3.jpg\" class=\"attachment-full size-full\" alt=\"Etiquetas Impresas\" srcset=\"https:\/\/logimet.com.ar\/nueva\/wp-content\/uploads\/2024\/08\/3.jpg 1178w, https:\/\/logimet.com.ar\/nueva\/wp-content\/uploads\/2024\/08\/3-1024x730.jpg 1024w, https:\/\/logimet.com.ar\/nueva\/wp-content\/uploads\/2024\/08\/3-768x548.jpg 768w\" sizes=\"(max-width: 1178px) 100vw, 1178px\" \/>\t\t<\/figure>\r\n\t\t<\/div>\r\n\t\t<\/li><li class=\"\">\t\t<div class=\"image-gallery-item overlay-dark\">\r\n\t\t\t\t<figure class=\"image-wrap\">\r\n\t\t\t<img loading=\"lazy\" decoding=\"async\" width=\"1178\" height=\"840\" src=\"https:\/\/logimet.com.ar\/nueva\/wp-content\/uploads\/2024\/08\/4.jpg\" class=\"attachment-full size-full\" alt=\"Etiquetas Impresas\" srcset=\"https:\/\/logimet.com.ar\/nueva\/wp-content\/uploads\/2024\/08\/4.jpg 1178w, https:\/\/logimet.com.ar\/nueva\/wp-content\/uploads\/2024\/08\/4-1024x730.jpg 1024w, https:\/\/logimet.com.ar\/nueva\/wp-content\/uploads\/2024\/08\/4-768x548.jpg 768w\" sizes=\"(max-width: 1178px) 100vw, 1178px\" \/>\t\t<\/figure>\r\n\t\t<\/div>\r\n\t\t<\/li><\/ul>\r\n\r\n\t\t\t\t\t<\/div>\n\t\t\t\t<\/div>\n\t\t\t\t\t\t<\/div>\r\n\t\t\t\t<\/div>\r\n\t\t\t\t\t\t\t\t<\/div>\r\n\t\t\t<\/section>\r\n\t\t\t\t\t<section class=\" elementor-section elementor-top-section elementor-element elementor-element-14097d7 elementor-section-full_width elementor-section-height-min-height alpha-section-stretched elementor-hidden-mobile elementor-section-height-default elementor-section-items-middle elementor-invisible\" data-id=\"14097d7\" data-element_type=\"section\" data-e-type=\"section\" data-settings=\"{&quot;animation&quot;:&quot;fadeInUp&quot;}\">\r\n\t\t\t\t\t\t\t\t<div class=\"elementor-container elementor-column-gap-default\">\r\n\t\t\t\t\r\n\t\t\t\t\t\t\t\t<div class=\" elementor-column elementor-col-50 elementor-top-column elementor-element elementor-element-44b106c \" data-id=\"44b106c\" data-element_type=\"column\" data-e-type=\"column\" data-settings=\"{&quot;background_background&quot;:&quot;classic&quot;}\">\r\n\r\n\t\t\t\t\r\n\t\t\t\t<div data-lazy=\"https:\/\/logimet.com.ar\/nueva\/wp-content\/uploads\/2024\/08\/relacionados-et-blancas.jpg\" class=\"elementor-widget-wrap elementor-element-populated\">\r\n\t\t\t\t\t\t\t\t\t\t\r\n\t\t\t\t\t\t<div class=\"elementor-element elementor-element-4958db4 elementor-widget elementor-widget-text-editor\" data-id=\"4958db4\" data-element_type=\"widget\" data-e-type=\"widget\" data-widget_type=\"text-editor.default\">\n\t\t\t\t<div class=\"elementor-widget-container\">\n\t\t\t\t\t\t\t\t\t<p style=\"text-align: left;\">ETIQUETAS BLANCAS<\/p>\t\t\t\t\t\t\t\t<\/div>\n\t\t\t\t<\/div>\n\t\t\t\t<div class=\"elementor-element elementor-element-3b998b4 elementor-align-left elementor-widget elementor-widget-button\" data-id=\"3b998b4\" data-element_type=\"widget\" data-e-type=\"widget\" data-widget_type=\"button.default\">\n\t\t\t\t<div class=\"elementor-widget-container\">\n\t\t\t\t\t\t\t\t\t<div class=\"elementor-button-wrapper\">\n\t\t\t\t\t<a class=\"elementor-button elementor-button-link elementor-size-sm\" href=\"https:\/\/logimet.com.ar\/nueva\/etiquetas-blancas\/\">\n\t\t\t\t\t\t<span class=\"elementor-button-content-wrapper\">\n\t\t\t\t\t\t<span class=\"elementor-button-icon\">\n\t\t\t\t<svg aria-hidden=\"true\" class=\"e-font-icon-svg e-far-arrow-alt-circle-right\" viewBox=\"0 0 512 512\" xmlns=\"http:\/\/www.w3.org\/2000\/svg\"><path d=\"M504 256C504 119 393 8 256 8S8 119 8 256s111 248 248 248 248-111 248-248zm-448 0c0-110.5 89.5-200 200-200s200 89.5 200 200-89.5 200-200 200S56 366.5 56 256zm72 20v-40c0-6.6 5.4-12 12-12h116v-67c0-10.7 12.9-16 20.5-8.5l99 99c4.7 4.7 4.7 12.3 0 17l-99 99c-7.6 7.6-20.5 2.2-20.5-8.5v-67H140c-6.6 0-12-5.4-12-12z\"><\/path><\/svg>\t\t\t<\/span>\n\t\t\t\t\t\t\t\t\t<span class=\"elementor-button-text\">VER M\u00c1S<\/span>\n\t\t\t\t\t<\/span>\n\t\t\t\t\t<\/a>\n\t\t\t\t<\/div>\n\t\t\t\t\t\t\t\t<\/div>\n\t\t\t\t<\/div>\n\t\t\t\t\t\t<\/div>\r\n\t\t\t\t<\/div>\r\n\t\t\t\t\t\t\t\t\t<div class=\" elementor-column elementor-col-50 elementor-top-column elementor-element elementor-element-cb65124 \" data-id=\"cb65124\" data-element_type=\"column\" data-e-type=\"column\" data-settings=\"{&quot;background_background&quot;:&quot;classic&quot;}\">\r\n\r\n\t\t\t\t\r\n\t\t\t\t<div data-lazy=\"https:\/\/logimet.com.ar\/nueva\/wp-content\/uploads\/2024\/08\/relacionados-ribbon.jpg\" class=\"elementor-widget-wrap elementor-element-populated\">\r\n\t\t\t\t\t\t\t\t\t\t\r\n\t\t\t\t\t\t<div class=\"elementor-element elementor-element-c102c3f elementor-widget elementor-widget-text-editor\" data-id=\"c102c3f\" data-element_type=\"widget\" data-e-type=\"widget\" data-widget_type=\"text-editor.default\">\n\t\t\t\t<div class=\"elementor-widget-container\">\n\t\t\t\t\t\t\t\t\t<p style=\"text-align: left;\">RIBBON DE ALTA CALIDAD<\/p>\t\t\t\t\t\t\t\t<\/div>\n\t\t\t\t<\/div>\n\t\t\t\t<div class=\"elementor-element elementor-element-6506464 elementor-align-left elementor-widget elementor-widget-button\" data-id=\"6506464\" data-element_type=\"widget\" data-e-type=\"widget\" data-widget_type=\"button.default\">\n\t\t\t\t<div class=\"elementor-widget-container\">\n\t\t\t\t\t\t\t\t\t<div class=\"elementor-button-wrapper\">\n\t\t\t\t\t<a class=\"elementor-button elementor-button-link elementor-size-sm\" href=\"https:\/\/logimet.com.ar\/nueva\/ribbon\/\">\n\t\t\t\t\t\t<span class=\"elementor-button-content-wrapper\">\n\t\t\t\t\t\t<span class=\"elementor-button-icon\">\n\t\t\t\t<svg aria-hidden=\"true\" class=\"e-font-icon-svg e-far-arrow-alt-circle-right\" viewBox=\"0 0 512 512\" xmlns=\"http:\/\/www.w3.org\/2000\/svg\"><path d=\"M504 256C504 119 393 8 256 8S8 119 8 256s111 248 248 248 248-111 248-248zm-448 0c0-110.5 89.5-200 200-200s200 89.5 200 200-89.5 200-200 200S56 366.5 56 256zm72 20v-40c0-6.6 5.4-12 12-12h116v-67c0-10.7 12.9-16 20.5-8.5l99 99c4.7 4.7 4.7 12.3 0 17l-99 99c-7.6 7.6-20.5 2.2-20.5-8.5v-67H140c-6.6 0-12-5.4-12-12z\"><\/path><\/svg>\t\t\t<\/span>\n\t\t\t\t\t\t\t\t\t<span class=\"elementor-button-text\">VER M\u00c1S<\/span>\n\t\t\t\t\t<\/span>\n\t\t\t\t\t<\/a>\n\t\t\t\t<\/div>\n\t\t\t\t\t\t\t\t<\/div>\n\t\t\t\t<\/div>\n\t\t\t\t\t\t<\/div>\r\n\t\t\t\t<\/div>\r\n\t\t\t\t\t\t\t\t<\/div>\r\n\t\t\t<\/section>\r\n\t\t\t\t\t<section class=\" elementor-section elementor-top-section elementor-element elementor-element-7bdfad8 elementor-section-boxed elementor-section-height-default elementor-section-height-default elementor-invisible\" data-id=\"7bdfad8\" data-element_type=\"section\" data-e-type=\"section\" data-settings=\"{&quot;background_background&quot;:&quot;classic&quot;,&quot;animation&quot;:&quot;fadeInUp&quot;}\">\r\n\t\t\t\t\t\t\t\t<div class=\"elementor-container elementor-column-gap-default\">\r\n\t\t\t\t\r\n\t\t\t\t\t\t\t\t<div class=\" elementor-column elementor-col-50 elementor-top-column elementor-element elementor-element-54cdd21 \" data-id=\"54cdd21\" data-element_type=\"column\" data-e-type=\"column\">\r\n\r\n\t\t\t\t\r\n\t\t\t\t<div class=\"elementor-widget-wrap elementor-element-populated\">\r\n\t\t\t\t\t\t\t\t\t\t\r\n\t\t\t\t\t\t<div class=\"elementor-element elementor-element-22e8421 elementor-widget elementor-widget-text-editor\" data-id=\"22e8421\" data-element_type=\"widget\" data-e-type=\"widget\" data-widget_type=\"text-editor.default\">\n\t\t\t\t<div class=\"elementor-widget-container\">\n\t\t\t\t\t\t\t\t\t<h4><strong>CONTACTANOS<\/strong><\/h4><p><strong>PLANTA INDUSTRIAL LOGIMET S.R.L.<\/strong><\/p>\t\t\t\t\t\t\t\t<\/div>\n\t\t\t\t<\/div>\n\t\t\t\t<div class=\"elementor-element elementor-element-006a34e elementor-icon-list--layout-traditional elementor-widget elementor-widget-udesign_widget_iconlist\" data-id=\"006a34e\" data-element_type=\"widget\" data-e-type=\"widget\" data-widget_type=\"udesign_widget_iconlist.default\">\n\t\t\t\t<div class=\"elementor-widget-container\">\n\t\t\t\t\t<ul class=\"elementor-icon-list-items\">\r\n\t\t\t<li class=\"elementor-icon-list-item elementor-repeater-item-9c61333\">\r\n\t\t\t\t\t\t\t<span class=\"elementor-icon-list-icon\">\r\n\t\t\t\t<i aria-hidden=\"true\" class=\"  u-icon-map-marker4\"><\/i>\t\t\t\t<\/span>\r\n\t\t\t\t\t\t<span class=\"elementor-icon-list-text\">Parque Industrial Metropolitano - LOTE 14 Avenida Las Palmeras 1452 2121 - P\u00e9rez - Santa Fe<\/span>\r\n\t\t\t\t\t\t\t\t<\/li>\r\n\t\t\t\t<li class=\"elementor-icon-list-item elementor-repeater-item-a10fd0d\">\r\n\t\t\t\t\t\t\t<span class=\"elementor-icon-list-icon\">\r\n\t\t\t\t<i aria-hidden=\"true\" class=\"  u-icon-phone3\"><\/i>\t\t\t\t<\/span>\r\n\t\t\t\t\t\t<span class=\"elementor-icon-list-text\">0341 526-3918 \/ 3920<\/span>\r\n\t\t\t\t\t\t\t\t<\/li>\r\n\t\t\t\t<li class=\"elementor-icon-list-item elementor-repeater-item-2bfab22\">\r\n\t\t\t<a href=\"mailto:ventas@logimet.com.ar\">\t\t\t\t<span class=\"elementor-icon-list-icon\">\r\n\t\t\t\t<i aria-hidden=\"true\" class=\"  a-icon-envelop4\"><\/i>\t\t\t\t<\/span>\r\n\t\t\t\t\t\t<span class=\"elementor-icon-list-text\">ventas@logimet.com.ar<\/span>\r\n\t\t\t\t\t\t\t\t\t\t<\/a>\r\n\t\t\t\t\t<\/li>\r\n\t\t\t\t<li class=\"elementor-icon-list-item elementor-repeater-item-9554ca8\">\r\n\t\t\t<a href=\"https:\/\/logimet.com.ar\/\">\t\t\t\t<span class=\"elementor-icon-list-icon\">\r\n\t\t\t\t<i aria-hidden=\"true\" class=\"  u-icon-web\"><\/i>\t\t\t\t<\/span>\r\n\t\t\t\t\t\t<span class=\"elementor-icon-list-text\">www.logimet.com.ar<\/span>\r\n\t\t\t\t\t\t\t\t\t\t<\/a>\r\n\t\t\t\t\t<\/li>\r\n\t\t<\/ul>\r\n\t\t\t\t<\/div>\n\t\t\t\t<\/div>\n\t\t\t\t\t\t<\/div>\r\n\t\t\t\t<\/div>\r\n\t\t\t\t\t\t\t\t\t<div class=\" elementor-column elementor-col-50 elementor-top-column elementor-element elementor-element-8d97f95 \" data-id=\"8d97f95\" data-element_type=\"column\" data-e-type=\"column\">\r\n\r\n\t\t\t\t\r\n\t\t\t\t<div class=\"elementor-widget-wrap elementor-element-populated\">\r\n\t\t\t\t\t\t\t\t\t\t\r\n\t\t\t\t\t\t<div class=\"elementor-element elementor-element-c322ee9 elementor-widget elementor-widget-udesign_widget_contact_form\" data-id=\"c322ee9\" data-element_type=\"widget\" data-e-type=\"widget\" data-widget_type=\"udesign_widget_contact_form.default\">\n\t\t\t\t<div class=\"elementor-widget-container\">\n\t\t\t\t\t\n<div class=\"wpcf7 no-js\" id=\"wpcf7-f11654-o1\" lang=\"es-AR\" dir=\"ltr\" data-wpcf7-id=\"11654\">\n<div class=\"screen-reader-response\"><p role=\"status\" aria-live=\"polite\" aria-atomic=\"true\"><\/p> <ul><\/ul><\/div>\n<form action=\"\/nueva\/wp-json\/wp\/v2\/pages\/12040#wpcf7-f11654-o1\" method=\"post\" class=\"wpcf7-form init\" aria-label=\"Formulario de contacto\" novalidate=\"novalidate\" data-status=\"init\">\n<fieldset class=\"hidden-fields-container\"><input type=\"hidden\" name=\"_wpcf7\" value=\"11654\" \/><input type=\"hidden\" name=\"_wpcf7_version\" value=\"6.1.5\" \/><input type=\"hidden\" name=\"_wpcf7_locale\" value=\"es_AR\" \/><input type=\"hidden\" name=\"_wpcf7_unit_tag\" value=\"wpcf7-f11654-o1\" \/><input type=\"hidden\" name=\"_wpcf7_container_post\" value=\"0\" \/><input type=\"hidden\" name=\"_wpcf7_posted_data_hash\" value=\"\" \/><input type=\"hidden\" name=\"_wpcf7_recaptcha_response\" value=\"\" \/>\n<\/fieldset>\n<p><label> Nombre y Apellido *<br \/>\n<span class=\"wpcf7-form-control-wrap\" data-name=\"your-name\"><input size=\"40\" maxlength=\"400\" class=\"wpcf7-form-control wpcf7-text wpcf7-validates-as-required\" autocomplete=\"name\" aria-required=\"true\" aria-invalid=\"false\" value=\"\" type=\"text\" name=\"your-name\" \/><\/span> <\/label>\n<\/p>\n<p><label> Empresa<br \/>\n<span class=\"wpcf7-form-control-wrap\" data-name=\"text-717\"><input size=\"40\" maxlength=\"400\" class=\"wpcf7-form-control wpcf7-text\" aria-invalid=\"false\" value=\"\" type=\"text\" name=\"text-717\" \/><\/span> <\/label>\n<\/p>\n<p><label> Correo electr\u00f3nico *<br \/>\n<span class=\"wpcf7-form-control-wrap\" data-name=\"your-email\"><input size=\"40\" maxlength=\"400\" class=\"wpcf7-form-control wpcf7-email wpcf7-validates-as-required wpcf7-text wpcf7-validates-as-email\" autocomplete=\"email\" aria-required=\"true\" aria-invalid=\"false\" value=\"\" type=\"email\" name=\"your-email\" \/><\/span> <\/label>\n<\/p>\n<p><label> Tel\u00e9fono \/ Celular *<br \/>\n<span class=\"wpcf7-form-control-wrap\" data-name=\"tel-988\"><input size=\"40\" maxlength=\"400\" class=\"wpcf7-form-control wpcf7-tel wpcf7-validates-as-required wpcf7-text wpcf7-validates-as-tel\" aria-required=\"true\" aria-invalid=\"false\" value=\"\" type=\"tel\" name=\"tel-988\" \/><\/span> <\/label>\n<\/p>\n<p><label> Mensaje<br \/>\n<span class=\"wpcf7-form-control-wrap\" data-name=\"your-message\"><textarea cols=\"40\" rows=\"10\" maxlength=\"2000\" class=\"wpcf7-form-control wpcf7-textarea\" aria-invalid=\"false\" name=\"your-message\"><\/textarea><\/span> <\/label>\n<\/p>\n<p><button class=\"wpcf7-form-control wpcf7-submit has-spinner\" type=\"submit\" value=\"ENVIAR CONSULTA\">ENVIAR CONSULTA<\/button>\n<\/p>\n<p>* Campos Obligatorios\n<\/p><div class=\"wpcf7-response-output\" aria-hidden=\"true\"><\/div>\n<\/form>\n<\/div>\n\t\t\t\t<\/div>\n\t\t\t\t<\/div>\n\t\t\t\t\t\t<\/div>\r\n\t\t\t\t<\/div>\r\n\t\t\t\t\t\t\t\t<\/div>\r\n\t\t\t<\/section>\r\n\t\t\t\t\t<\/div>\n\t\t","protected":false},"excerpt":{"rendered":"<p>Etiquetas impresas Stock permanente de etiquetas en las medidas est\u00e1ndares del mercado. Provisi\u00f3n en diferentes materiales autoadhesivos (Papel Ilustraci\u00f3n, O.P.P. Blanco, Papel T\u00e9rmico, etc.) y sin adhesivo (ilustraci\u00f3n 85 grs, cartulinas, papel sint\u00e9tico, etc.) ASESORAMIENTO PERSONALIZADO ETIQUETAS BLANCAS VER M\u00c1S RIBBON DE ALTA CALIDAD VER M\u00c1S CONTACTANOS PLANTA INDUSTRIAL LOGIMET S.R.L. Parque Industrial Metropolitano &#8211; [&hellip;]<\/p>\n","protected":false},"author":1,"featured_media":0,"parent":0,"menu_order":2,"comment_status":"closed","ping_status":"closed","template":"","meta":{"footnotes":""},"class_list":["post-12040","page","type-page","status-publish","hentry"],"_links":{"self":[{"href":"https:\/\/logimet.com.ar\/nueva\/wp-json\/wp\/v2\/pages\/12040","targetHints":{"allow":["GET"]}}],"collection":[{"href":"https:\/\/logimet.com.ar\/nueva\/wp-json\/wp\/v2\/pages"}],"about":[{"href":"https:\/\/logimet.com.ar\/nueva\/wp-json\/wp\/v2\/types\/page"}],"author":[{"embeddable":true,"href":"https:\/\/logimet.com.ar\/nueva\/wp-json\/wp\/v2\/users\/1"}],"replies":[{"embeddable":true,"href":"https:\/\/logimet.com.ar\/nueva\/wp-json\/wp\/v2\/comments?post=12040"}],"version-history":[{"count":136,"href":"https:\/\/logimet.com.ar\/nueva\/wp-json\/wp\/v2\/pages\/12040\/revisions"}],"predecessor-version":[{"id":13156,"href":"https:\/\/logimet.com.ar\/nueva\/wp-json\/wp\/v2\/pages\/12040\/revisions\/13156"}],"wp:attachment":[{"href":"https:\/\/logimet.com.ar\/nueva\/wp-json\/wp\/v2\/media?parent=12040"}],"curies":[{"name":"wp","href":"https:\/\/api.w.org\/{rel}","templated":true}]}}